{"id":16,"date":"2025-08-07T14:17:37","date_gmt":"2025-08-07T14:17:37","guid":{"rendered":"https:\/\/biscarrosse-production.com\/Film\/?page_id=16"},"modified":"2026-03-05T17:04:40","modified_gmt":"2026-03-05T16:04:40","slug":"sommaire","status":"publish","type":"page","link":"https:\/\/biscarrosse-production.com\/Film\/","title":{"rendered":"Sommaire"},"content":{"rendered":"\n<p>Un grand merci \u00e0 nos soutiens :<\/p>\n\n\n\n<figure class=\"wp-block-image size-large\"><img loading=\"lazy\" decoding=\"async\" width=\"1024\" height=\"107\" src=\"https:\/\/biscarrosse-production.com\/Film\/wp-content\/uploads\/2025\/12\/Barre-sponsors-1-1-1024x107.jpg\" alt=\"\" class=\"wp-image-548\" srcset=\"https:\/\/biscarrosse-production.com\/Film\/wp-content\/uploads\/2025\/12\/Barre-sponsors-1-1-1024x107.jpg 1024w, https:\/\/biscarrosse-production.com\/Film\/wp-content\/uploads\/2025\/12\/Barre-sponsors-1-1-300x31.jpg 300w, https:\/\/biscarrosse-production.com\/Film\/wp-content\/uploads\/2025\/12\/Barre-sponsors-1-1-768x80.jpg 768w, https:\/\/biscarrosse-production.com\/Film\/wp-content\/uploads\/2025\/12\/Barre-sponsors-1-1.jpg 1150w\" sizes=\"auto, (max-width: 1024px) 100vw, 1024px\" \/><\/figure>\n\n\n\n<div style=\"background-color:#e7f2ff; padding:20px; border-radius:8px;\">\n  <h3 style=\"margin-top:0;\">Vous avez manqu\u00e9 notre campagne&nbsp;?<\/h3>\n  <p>\n   Le financement participatif s\u2019est termin\u00e9 avec un magnifique \u00e9lan de soutien.\nPour celles et ceux qui l\u2019ont manqu\u00e9 ou qui souhaitent encore participer \u00e0 l\u2019aventure, nous avons ouvert une page d\u00e9di\u00e9e.\n\nVous pouvez d\u00e9sormais contribue<strong>carte bancaire<\/strong> ou <strong>via PayPal<\/strong>.\n  <\/p>\n  <p style=\"margin-bottom:0;\">\n    \ud83d\udc49 <a href=\"https:\/\/biscarrosse-production.com\/Film\/index.php\/collecte\/\" target=\"_blank\" style=\"font-weight:bold; color:#1a5dab;\">Soutenir le projet<\/a>\n  <\/p>\n<\/div>\n\n\n\n<div class=\"wp-block-group\"><div class=\"wp-block-group__inner-container is-layout-constrained wp-block-group-is-layout-constrained\">\n<div class=\"wp-block-group\"><div class=\"wp-block-group__inner-container is-layout-constrained wp-block-group-is-layout-constrained\">\n<p class=\"has-theme-palette-6-color has-text-color has-link-color wp-elements-c2c6e96453e5230adcd519dde84b5d8e\"><\/p>\n<\/div><\/div>\n<\/div><\/div>\n\n\n\n<figure class=\"wp-block-image size-large\"><img loading=\"lazy\" decoding=\"async\" width=\"1024\" height=\"105\" src=\"https:\/\/biscarrosse-production.com\/Film\/wp-content\/uploads\/2026\/02\/Barre-sponsors-2-1024x105.jpg\" alt=\"\" class=\"wp-image-638\" srcset=\"https:\/\/biscarrosse-production.com\/Film\/wp-content\/uploads\/2026\/02\/Barre-sponsors-2-1024x105.jpg 1024w, https:\/\/biscarrosse-production.com\/Film\/wp-content\/uploads\/2026\/02\/Barre-sponsors-2-300x31.jpg 300w, https:\/\/biscarrosse-production.com\/Film\/wp-content\/uploads\/2026\/02\/Barre-sponsors-2-768x79.jpg 768w, https:\/\/biscarrosse-production.com\/Film\/wp-content\/uploads\/2026\/02\/Barre-sponsors-2.jpg 1150w\" sizes=\"auto, (max-width: 1024px) 100vw, 1024px\" \/><\/figure>\n\n\n\n<figure class=\"wp-block-embed is-type-video is-provider-youtube wp-block-embed-youtube wp-embed-aspect-16-9 wp-has-aspect-ratio\"><div class=\"wp-block-embed__wrapper\">\n<iframe loading=\"lazy\" title=\"Biscarrosse au fil du temps - Teaser n\u00b01\" width=\"720\" height=\"405\" src=\"https:\/\/www.youtube.com\/embed\/u7GjuqXvdBc?feature=oembed\" frameborder=\"0\" allow=\"accelerometer; autoplay; clipboard-write; encrypted-media; gyroscope; picture-in-picture; web-share\" referrerpolicy=\"strict-origin-when-cross-origin\" allowfullscreen><\/iframe>\n<\/div><\/figure>\n\n\n\n<p><\/p>\n\n\n\n<figure class=\"wp-block-image size-large\"><img loading=\"lazy\" decoding=\"async\" width=\"1024\" height=\"214\" src=\"https:\/\/biscarrosse-production.com\/Film\/wp-content\/uploads\/2026\/03\/Barre-sponsors-3-2-1024x214.jpg\" alt=\"\" class=\"wp-image-662\" srcset=\"https:\/\/biscarrosse-production.com\/Film\/wp-content\/uploads\/2026\/03\/Barre-sponsors-3-2-1024x214.jpg 1024w, https:\/\/biscarrosse-production.com\/Film\/wp-content\/uploads\/2026\/03\/Barre-sponsors-3-2-300x63.jpg 300w, https:\/\/biscarrosse-production.com\/Film\/wp-content\/uploads\/2026\/03\/Barre-sponsors-3-2-768x160.jpg 768w, https:\/\/biscarrosse-production.com\/Film\/wp-content\/uploads\/2026\/03\/Barre-sponsors-3-2.jpg 1150w\" sizes=\"auto, (max-width: 1024px) 100vw, 1024px\" \/><\/figure>\n\n\n\n<h2 class=\"wp-block-heading\">Un film documentaire en cours de r\u00e9alisation<\/h2>\n\n\n\n<p id=\"u3842-2\">Biscarrosse au fil du temps est un film documentaire qui retrace l\u2019histoire de la ville depuis 1850 jusqu\u2019\u00e0 nos jours. \u00c0 travers le regard de personnages d\u2019autrefois, il m\u00eale t\u00e9moignages, archives et r\u00e9cits sensibles pour explorer les transformations d\u2019un territoire entre mer, for\u00eat et technologie de pointe.<\/p>\n\n\n\n<p>Vous pourrez suivre l&rsquo;\u00e9volution du projet toute l&rsquo;ann\u00e9e sur notre site ou sur les r\u00e9seaux sociaux.<\/p>\n\n\n\n<h2 class=\"wp-block-heading\">Inscrivez vous \u00e0 notre Newsletter<\/h2>\n\n\n\n<p>Pour vous tenir inform\u00e9 des informations importantes. Prochaine Newsletter vers fin d\u00e9cembre.<br>(Pensez \u00e0 surveiller vos spams, nous avons tendance \u00e0 y finir notre course !)<br><\/p>\n\n\n<style id=\"wpforms-css-vars-63\">\n\t\t\t\t#wpforms-63 {\n\t\t\t\t--wpforms-container-padding: 0px;\n--wpforms-container-border-width: 1px;\n--wpforms-container-border-radius: 3px;\n--wpforms-background-color: rgba(0, 0, 0, 0);\n--wpforms-field-size-input-height: 43px;\n--wpforms-field-size-input-spacing: 15px;\n--wpforms-field-size-font-size: 16px;\n--wpforms-field-size-line-height: 19px;\n--wpforms-field-size-padding-h: 14px;\n--wpforms-field-size-checkbox-size: 16px;\n--wpforms-field-size-sublabel-spacing: 5px;\n--wpforms-field-size-icon-size: 1;\n--wpforms-label-size-font-size: 16px;\n--wpforms-label-size-line-height: 19px;\n--wpforms-label-size-sublabel-font-size: 14px;\n--wpforms-label-size-sublabel-line-height: 17px;\n--wpforms-button-size-font-size: 17px;\n--wpforms-button-size-height: 41px;\n--wpforms-button-size-padding-h: 15px;\n--wpforms-button-size-margin-top: 10px;\n--wpforms-container-shadow-size-box-shadow: none;\n\t\t\t}\n\t\t\t<\/style><div class=\"wpforms-container wpforms-container-full wpforms-render-modern\" id=\"wpforms-63\"><form id=\"wpforms-form-63\" class=\"wpforms-validate wpforms-form wpforms-ajax-form\" data-formid=\"63\" method=\"post\" enctype=\"multipart\/form-data\" action=\"\/Film\/index.php\/wp-json\/wp\/v2\/pages\/16\" data-token=\"9a308bdb15c41e49556b6b4625151258\" data-token-time=\"1776660005\"><noscript class=\"wpforms-error-noscript\">Veuillez activer JavaScript dans votre navigateur pour remplir ce formulaire.<\/noscript><div id=\"wpforms-error-noscript\" style=\"display: none;\">Veuillez activer JavaScript dans votre navigateur pour remplir ce formulaire.<\/div><div class=\"wpforms-field-container\">\t\t<div id=\"wpforms-63-field_1-container\"\n\t\t\tclass=\"wpforms-field wpforms-field-text\"\n\t\t\tdata-field-type=\"text\"\n\t\t\tdata-field-id=\"1\"\n\t\t\t>\n\t\t\t<label class=\"wpforms-field-label\" for=\"wpforms-63-field_1\" >Email<\/label>\n\t\t\t<input type=\"text\" id=\"wpforms-63-field_1\" class=\"wpforms-field-medium\" name=\"wpforms[fields][1]\" >\n\t\t<\/div>\n\t\t<div id=\"wpforms-63-field_2-container\" class=\"wpforms-field wpforms-field-email\" data-field-id=\"2\"><fieldset><legend class=\"wpforms-field-label\">Email <span class=\"wpforms-required-label\" aria-hidden=\"true\">*<\/span><\/legend><div class=\"wpforms-field-row wpforms-field-medium\"><div class=\"wpforms-field-row-block wpforms-one-half wpforms-first\"><input type=\"email\" id=\"wpforms-63-field_2\" class=\"wpforms-field-required wpforms-field-email-primary\" name=\"wpforms[fields][2][primary]\" spellcheck=\"false\" aria-errormessage=\"wpforms-63-field_2-error\" required><label for=\"wpforms-63-field_2\" class=\"wpforms-field-sublabel after\">E-mail<\/label><\/div><div class=\"wpforms-field-row-block wpforms-one-half\"><input type=\"email\" id=\"wpforms-63-field_2-secondary\" class=\"wpforms-field-email-secondary wpforms-field-required\" data-rule-confirm=\"#wpforms-63-field_2\" name=\"wpforms[fields][2][secondary]\" spellcheck=\"false\" aria-errormessage=\"wpforms-63-field_2-secondary-error\" required><label for=\"wpforms-63-field_2-secondary\" class=\"wpforms-field-sublabel after\">Confirmez l\u2019e-mail<\/label><\/div><\/div><\/fieldset><\/div><script>\n\t\t\t\t( function() {\n\t\t\t\t\tconst style = document.createElement( 'style' );\n\t\t\t\t\tstyle.appendChild( document.createTextNode( '#wpforms-63-field_1-container { position: absolute !important; overflow: hidden !important; display: inline !important; height: 1px !important; width: 1px !important; z-index: -1000 !important; padding: 0 !important; } #wpforms-63-field_1-container input { visibility: hidden; } #wpforms-conversational-form-page #wpforms-63-field_1-container label { counter-increment: none; }' ) );\n\t\t\t\t\tdocument.head.appendChild( style );\n\t\t\t\t\tdocument.currentScript?.remove();\n\t\t\t\t} )();\n\t\t\t<\/script><\/div><!-- .wpforms-field-container --><div class=\"wpforms-recaptcha-container wpforms-is-recaptcha wpforms-is-recaptcha-type-v2\" ><div class=\"g-recaptcha\" data-sitekey=\"6LdId54rAAAAAAzoAwCjDz19d1Suupc_a6oTGAX6\"><\/div><input type=\"text\" name=\"g-recaptcha-hidden\" class=\"wpforms-recaptcha-hidden\" style=\"position:absolute!important;clip:rect(0,0,0,0)!important;height:1px!important;width:1px!important;border:0!important;overflow:hidden!important;padding:0!important;margin:0!important;\" data-rule-recaptcha=\"1\"><\/div><div class=\"wpforms-submit-container\" ><input type=\"hidden\" name=\"wpforms[id]\" value=\"63\"><input type=\"hidden\" name=\"page_title\" value=\"\"><input type=\"hidden\" name=\"page_url\" value=\"https:\/\/biscarrosse-production.com\/Film\/index.php\/wp-json\/wp\/v2\/pages\/16\"><input type=\"hidden\" name=\"url_referer\" value=\"\"><button type=\"submit\" name=\"wpforms[submit]\" id=\"wpforms-submit-63\" class=\"wpforms-submit\" data-alt-text=\"Envoi...\" data-submit-text=\"Envoyer\" aria-live=\"assertive\" value=\"wpforms-submit\">Envoyer<\/button><img loading=\"lazy\" decoding=\"async\" src=\"https:\/\/biscarrosse-production.com\/Film\/wp-content\/plugins\/wpforms-lite\/assets\/images\/submit-spin.svg\" class=\"wpforms-submit-spinner\" style=\"display: none;\" width=\"26\" height=\"26\" alt=\"Chargement en cours\"><\/div><input type=\"hidden\" id=\"ct_checkjs_wpforms_9cfdf10e8fc047a44b08ed031e1f0ed1\" name=\"ct_checkjs_wpforms\" value=\"0\" \/><script>setTimeout(function(){var ct_input_name = \"ct_checkjs_wpforms_9cfdf10e8fc047a44b08ed031e1f0ed1\";if (document.getElementById(ct_input_name) !== null) {var ct_input_value = document.getElementById(ct_input_name).value;document.getElementById(ct_input_name).value = document.getElementById(ct_input_name).value.replace(ct_input_value, '0997fac998c810feb12492eaad03041193b2ce49b1708b4935fea72884c7aeb0');}}, 1000);<\/script><input\n                    class=\"apbct_special_field apbct_email_id__wp_wpforms\"\n                    name=\"apbct__email_id__wp_wpforms\"\n                    aria-label=\"apbct__label_id__wp_wpforms\"\n                    type=\"text\" size=\"30\" maxlength=\"200\" autocomplete=\"off\"\n                    value=\"\"\n                \/><\/form><\/div>  <!-- .wpforms-container -->\n","protected":false},"excerpt":{"rendered":"<p>Un grand merci \u00e0 nos soutiens : Vous avez manqu\u00e9 notre campagne&nbsp;? Le financement participatif s\u2019est termin\u00e9 avec un magnifique \u00e9lan de soutien. Pour celles et ceux qui l\u2019ont manqu\u00e9 ou qui souhaitent encore participer \u00e0 l\u2019aventure, nous avons ouvert une page d\u00e9di\u00e9e. Vous pouvez d\u00e9sormais contribuecarte bancaire ou via PayPal. \ud83d\udc49 Soutenir le projet&#8230;<\/p>\n","protected":false},"author":1,"featured_media":0,"parent":0,"menu_order":0,"comment_status":"open","ping_status":"closed","template":"","meta":{"_kad_post_transparent":"","_kad_post_title":"","_kad_post_layout":"","_kad_post_sidebar_id":"","_kad_post_content_style":"","_kad_post_vertical_padding":"","_kad_post_feature":"","_kad_post_feature_position":"","_kad_post_header":false,"_kad_post_footer":false,"footnotes":""},"class_list":["post-16","page","type-page","status-publish","hentry"],"_links":{"self":[{"href":"https:\/\/biscarrosse-production.com\/Film\/index.php\/wp-json\/wp\/v2\/pages\/16","targetHints":{"allow":["GET"]}}],"collection":[{"href":"https:\/\/biscarrosse-production.com\/Film\/index.php\/wp-json\/wp\/v2\/pages"}],"about":[{"href":"https:\/\/biscarrosse-production.com\/Film\/index.php\/wp-json\/wp\/v2\/types\/page"}],"author":[{"embeddable":true,"href":"https:\/\/biscarrosse-production.com\/Film\/index.php\/wp-json\/wp\/v2\/users\/1"}],"replies":[{"embeddable":true,"href":"https:\/\/biscarrosse-production.com\/Film\/index.php\/wp-json\/wp\/v2\/comments?post=16"}],"version-history":[{"count":35,"href":"https:\/\/biscarrosse-production.com\/Film\/index.php\/wp-json\/wp\/v2\/pages\/16\/revisions"}],"predecessor-version":[{"id":659,"href":"https:\/\/biscarrosse-production.com\/Film\/index.php\/wp-json\/wp\/v2\/pages\/16\/revisions\/659"}],"wp:attachment":[{"href":"https:\/\/biscarrosse-production.com\/Film\/index.php\/wp-json\/wp\/v2\/media?parent=16"}],"curies":[{"name":"wp","href":"https:\/\/api.w.org\/{rel}","templated":true}]}}